{"id":219,"date":"2009-12-13T19:46:47","date_gmt":"2009-12-13T18:46:47","guid":{"rendered":"http:\/\/artnetart.info\/?page_id=33"},"modified":"2009-12-13T19:46:47","modified_gmt":"2009-12-13T18:46:47","slug":"video","status":"publish","type":"page","link":"http:\/\/artnetart.info\/?page_id=219","title":{"rendered":"Video"},"content":{"rendered":"<h2 style=\"text-align: center;\">Poni\u017cej znajduje si\u0119 efekt poszukiwa\u0144 has\u0142a &#8222;DIGITAL ART&#8221; na You Tube, a wi\u0119c r\u00f3\u017cne s\u0105 te klipy. Generalnie raczej trzymaj\u0105 si\u0119 tematu, chocia\u017c czasami niezupe\u0142nie:<\/h2>\n<h2 style=\"text-align: center;\">Could not parse XML from YouTube<\/h2>\n","protected":false},"excerpt":{"rendered":"<p>Poni\u017cej znajduje si\u0119 efekt poszukiwa\u0144 has\u0142a &#8222;DIGITAL ART&#8221; na You Tube, a wi\u0119c r\u00f3\u017cne s\u0105 te klipy. Generalnie raczej trzymaj\u0105 si\u0119 tematu, chocia\u017c czasami niezupe\u0142nie: Could not parse XML from YouTube<\/p>\n","protected":false},"author":1,"featured_media":0,"parent":0,"menu_order":0,"comment_status":"open","ping_status":"open","template":"","meta":[],"_links":{"self":[{"href":"http:\/\/artnetart.info\/index.php?rest_route=\/wp\/v2\/pages\/219"}],"collection":[{"href":"http:\/\/artnetart.info\/index.php?rest_route=\/wp\/v2\/pages"}],"about":[{"href":"http:\/\/artnetart.info\/index.php?rest_route=\/wp\/v2\/types\/page"}],"author":[{"embeddable":true,"href":"http:\/\/artnetart.info\/index.php?rest_route=\/wp\/v2\/users\/1"}],"replies":[{"embeddable":true,"href":"http:\/\/artnetart.info\/index.php?rest_route=%2Fwp%2Fv2%2Fcomments&post=219"}],"version-history":[{"count":0,"href":"http:\/\/artnetart.info\/index.php?rest_route=\/wp\/v2\/pages\/219\/revisions"}],"wp:attachment":[{"href":"http:\/\/artnetart.info\/index.php?rest_route=%2Fwp%2Fv2%2Fmedia&parent=219"}],"curies":[{"name":"wp","href":"https:\/\/api.w.org\/{rel}","templated":true}]}}