{"id":319,"date":"2013-08-29T12:07:02","date_gmt":"2013-08-29T11:07:02","guid":{"rendered":"http:\/\/artnetart.info\/?page_id=319"},"modified":"2013-08-29T12:07:02","modified_gmt":"2013-08-29T11:07:02","slug":"awatary","status":"publish","type":"page","link":"http:\/\/artnetart.info\/?page_id=319","title":{"rendered":"Awatary"},"content":{"rendered":"\n\t\t<style type=\"text\/css\">\n\t\t\t#gallery-1 {\n\t\t\t\tmargin: auto;\n\t\t\t}\n\t\t\t#gallery-1 .gallery-item {\n\t\t\t\tfloat: left;\n\t\t\t\tmargin-top: 10px;\n\t\t\t\ttext-align: center;\n\t\t\t\twidth: 33%;\n\t\t\t}\n\t\t\t#gallery-1 img {\n\t\t\t\tborder: 2px solid #cfcfcf;\n\t\t\t}\n\t\t\t#gallery-1 .gallery-caption {\n\t\t\t\tmargin-left: 0;\n\t\t\t}\n\t\t\t\/* see gallery_shortcode() in wp-includes\/media.php *\/\n\t\t<\/style>\n\t\t<div id='gallery-1' class='gallery galleryid-319 gallery-columns-3 gallery-size-thumbnail'><dl class='gallery-item'>\n\t\t\t<dt class='gallery-icon landscape'>\n\t\t\t\t<a href='http:\/\/artnetart.info\/?attachment_id=318'><img width=\"150\" height=\"52\" src=\"http:\/\/artnetart.info\/wp-content\/uploads\/2013\/08\/blog_blogow.jpg\" class=\"attachment-thumbnail size-thumbnail\" alt=\"\" loading=\"lazy\" \/><\/a>\n\t\t\t<\/dt><\/dl><dl class='gallery-item'>\n\t\t\t<dt class='gallery-icon landscape'>\n\t\t\t\t<a href='http:\/\/artnetart.info\/?attachment_id=315'><img width=\"80\" height=\"15\" src=\"http:\/\/artnetart.info\/wp-content\/uploads\/2013\/08\/info-kaduk1.jpg\" class=\"attachment-thumbnail size-thumbnail\" alt=\"\" loading=\"lazy\" \/><\/a>\n\t\t\t<\/dt><\/dl><dl class='gallery-item'>\n\t\t\t<dt class='gallery-icon landscape'>\n\t\t\t\t<a href='http:\/\/artnetart.info\/?attachment_id=316'><img width=\"88\" height=\"31\" src=\"http:\/\/artnetart.info\/wp-content\/uploads\/2013\/08\/info-kaduk.jpg\" class=\"attachment-thumbnail size-thumbnail\" alt=\"\" loading=\"lazy\" \/><\/a>\n\t\t\t<\/dt><\/dl><br style=\"clear: both\" \/><dl class='gallery-item'>\n\t\t\t<dt class='gallery-icon landscape'>\n\t\t\t\t<a href='http:\/\/artnetart.info\/?attachment_id=317'><img width=\"150\" height=\"52\" src=\"http:\/\/artnetart.info\/wp-content\/uploads\/2013\/08\/cyrk_prywatny.jpg\" class=\"attachment-thumbnail size-thumbnail\" alt=\"\" loading=\"lazy\" \/><\/a>\n\t\t\t<\/dt><\/dl><dl class='gallery-item'>\n\t\t\t<dt class='gallery-icon landscape'>\n\t\t\t\t<a href='http:\/\/artnetart.info\/?attachment_id=311'><img width=\"150\" height=\"52\" src=\"http:\/\/artnetart.info\/wp-content\/uploads\/2013\/08\/mentalex.jpg\" class=\"attachment-thumbnail size-thumbnail\" alt=\"\" loading=\"lazy\" \/><\/a>\n\t\t\t<\/dt><\/dl><dl class='gallery-item'>\n\t\t\t<dt class='gallery-icon landscape'>\n\t\t\t\t<a href='http:\/\/artnetart.info\/?attachment_id=312'><img width=\"88\" height=\"31\" src=\"http:\/\/artnetart.info\/wp-content\/uploads\/2013\/08\/klub-kaduk1.jpg\" class=\"attachment-thumbnail size-thumbnail\" alt=\"\" loading=\"lazy\" \/><\/a>\n\t\t\t<\/dt><\/dl><br style=\"clear: both\" \/><dl class='gallery-item'>\n\t\t\t<dt class='gallery-icon landscape'>\n\t\t\t\t<a href='http:\/\/artnetart.info\/?attachment_id=314'><img width=\"150\" height=\"52\" src=\"http:\/\/artnetart.info\/wp-content\/uploads\/2013\/08\/kaduk.jpg\" class=\"attachment-thumbnail size-thumbnail\" alt=\"\" loading=\"lazy\" \/><\/a>\n\t\t\t<\/dt><\/dl><dl class='gallery-item'>\n\t\t\t<dt class='gallery-icon landscape'>\n\t\t\t\t<a href='http:\/\/artnetart.info\/?attachment_id=313'><img width=\"80\" height=\"15\" src=\"http:\/\/artnetart.info\/wp-content\/uploads\/2013\/08\/klub-kaduk.jpg\" class=\"attachment-thumbnail size-thumbnail\" alt=\"\" loading=\"lazy\" \/><\/a>\n\t\t\t<\/dt><\/dl><dl class='gallery-item'>\n\t\t\t<dt class='gallery-icon portrait'>\n\t\t\t\t<a href='http:\/\/artnetart.info\/?attachment_id=310'><img width=\"17\" height=\"25\" src=\"http:\/\/artnetart.info\/wp-content\/uploads\/2013\/08\/oie_oie_overlayCustomCustom.jpg\" class=\"attachment-thumbnail size-thumbnail\" alt=\"\" loading=\"lazy\" \/><\/a>\n\t\t\t<\/dt><\/dl><br style=\"clear: both\" \/><dl class='gallery-item'>\n\t\t\t<dt class='gallery-icon landscape'>\n\t\t\t\t<a href='http:\/\/artnetart.info\/?attachment_id=309'><img width=\"150\" height=\"52\" src=\"http:\/\/artnetart.info\/wp-content\/uploads\/2013\/08\/photo_netart.jpg\" class=\"attachment-thumbnail size-thumbnail\" alt=\"\" loading=\"lazy\" \/><\/a>\n\t\t\t<\/dt><\/dl><dl class='gallery-item'>\n\t\t\t<dt class='gallery-icon landscape'>\n\t\t\t\t<a href='http:\/\/artnetart.info\/?attachment_id=308'><img width=\"150\" height=\"52\" src=\"http:\/\/artnetart.info\/wp-content\/uploads\/2013\/08\/photolalia.jpg\" class=\"attachment-thumbnail size-thumbnail\" alt=\"\" loading=\"lazy\" \/><\/a>\n\t\t\t<\/dt><\/dl><dl class='gallery-item'>\n\t\t\t<dt class='gallery-icon landscape'>\n\t\t\t\t<a href='http:\/\/artnetart.info\/?attachment_id=306'><img width=\"150\" height=\"52\" src=\"http:\/\/artnetart.info\/wp-content\/uploads\/2013\/08\/wwwSTADTAUScom_btn5262667.jpg\" class=\"attachment-thumbnail size-thumbnail\" alt=\"\" loading=\"lazy\" \/><\/a>\n\t\t\t<\/dt><\/dl><br style=\"clear: both\" \/><dl class='gallery-item'>\n\t\t\t<dt class='gallery-icon landscape'>\n\t\t\t\t<a href='http:\/\/artnetart.info\/?attachment_id=307'><img width=\"150\" height=\"52\" src=\"http:\/\/artnetart.info\/wp-content\/uploads\/2013\/08\/ritas_story.jpg\" class=\"attachment-thumbnail size-thumbnail\" alt=\"\" loading=\"lazy\" \/><\/a>\n\t\t\t<\/dt><\/dl><dl class='gallery-item'>\n\t\t\t<dt class='gallery-icon landscape'>\n\t\t\t\t<a href='http:\/\/artnetart.info\/?attachment_id=292'><img width=\"100\" height=\"75\" src=\"http:\/\/artnetart.info\/wp-content\/uploads\/2013\/08\/awatar5.jpg\" class=\"attachment-thumbnail size-thumbnail\" alt=\"\" loading=\"lazy\" \/><\/a>\n\t\t\t<\/dt><\/dl><dl class='gallery-item'>\n\t\t\t<dt class='gallery-icon landscape'>\n\t\t\t\t<a href='http:\/\/artnetart.info\/?attachment_id=293'><img width=\"150\" height=\"150\" src=\"http:\/\/artnetart.info\/wp-content\/uploads\/2013\/08\/awatar1copy-150x150.jpg\" class=\"attachment-thumbnail size-thumbnail\" alt=\"\" loading=\"lazy\" \/><\/a>\n\t\t\t<\/dt><\/dl><br style=\"clear: both\" \/><dl class='gallery-item'>\n\t\t\t<dt class='gallery-icon portrait'>\n\t\t\t\t<a href='http:\/\/artnetart.info\/?attachment_id=290'><img width=\"150\" height=\"150\" src=\"http:\/\/artnetart.info\/wp-content\/uploads\/2013\/08\/jajoja-150x150.jpg\" class=\"attachment-thumbnail size-thumbnail\" alt=\"\" loading=\"lazy\" \/><\/a>\n\t\t\t<\/dt><\/dl><dl class='gallery-item'>\n\t\t\t<dt class='gallery-icon landscape'>\n\t\t\t\t<a href='http:\/\/artnetart.info\/?attachment_id=288'><img width=\"100\" height=\"100\" src=\"http:\/\/artnetart.info\/wp-content\/uploads\/2013\/08\/kolonuda_square.jpg\" class=\"attachment-thumbnail size-thumbnail\" alt=\"\" loading=\"lazy\" \/><\/a>\n\t\t\t<\/dt><\/dl><dl class='gallery-item'>\n\t\t\t<dt class='gallery-icon landscape'>\n\t\t\t\t<a href='http:\/\/artnetart.info\/?attachment_id=289'><img width=\"150\" height=\"113\" src=\"http:\/\/artnetart.info\/wp-content\/uploads\/2013\/08\/kolonuda.jpg\" class=\"attachment-thumbnail size-thumbnail\" alt=\"\" loading=\"lazy\" \/><\/a>\n\t\t\t<\/dt><\/dl><br style=\"clear: both\" \/><dl class='gallery-item'>\n\t\t\t<dt class='gallery-icon landscape'>\n\t\t\t\t<a href='http:\/\/artnetart.info\/?attachment_id=286'><img width=\"150\" height=\"67\" src=\"http:\/\/artnetart.info\/wp-content\/uploads\/2013\/08\/logo1-150x67.jpg\" class=\"attachment-thumbnail size-thumbnail\" alt=\"\" loading=\"lazy\" \/><\/a>\n\t\t\t<\/dt><\/dl><dl class='gallery-item'>\n\t\t\t<dt class='gallery-icon landscape'>\n\t\t\t\t<a href='http:\/\/artnetart.info\/?attachment_id=285'><img width=\"150\" height=\"21\" src=\"http:\/\/artnetart.info\/wp-content\/uploads\/2013\/08\/mail-150x21.jpg\" class=\"attachment-thumbnail size-thumbnail\" alt=\"\" loading=\"lazy\" \/><\/a>\n\t\t\t<\/dt><\/dl><dl class='gallery-item'>\n\t\t\t<dt class='gallery-icon landscape'>\n\t\t\t\t<a href='http:\/\/artnetart.info\/?attachment_id=283'><img width=\"100\" height=\"75\" src=\"http:\/\/artnetart.info\/wp-content\/uploads\/2013\/08\/nudalayercopy.jpg\" class=\"attachment-thumbnail size-thumbnail\" alt=\"\" loading=\"lazy\" \/><\/a>\n\t\t\t<\/dt><\/dl><br style=\"clear: both\" \/><dl class='gallery-item'>\n\t\t\t<dt class='gallery-icon landscape'>\n\t\t\t\t<a href='http:\/\/artnetart.info\/?attachment_id=282'><img width=\"150\" height=\"150\" src=\"http:\/\/artnetart.info\/wp-content\/uploads\/2013\/08\/paj_nuda-150x150.jpg\" class=\"attachment-thumbnail size-thumbnail\" alt=\"\" loading=\"lazy\" \/><\/a>\n\t\t\t<\/dt><\/dl><dl class='gallery-item'>\n\t\t\t<dt class='gallery-icon landscape'>\n\t\t\t\t<a href='http:\/\/artnetart.info\/?attachment_id=280'><img width=\"150\" height=\"150\" src=\"http:\/\/artnetart.info\/wp-content\/uploads\/2013\/08\/paj_rozw-150x150.jpg\" class=\"attachment-thumbnail size-thumbnail\" alt=\"\" loading=\"lazy\" \/><\/a>\n\t\t\t<\/dt><\/dl><dl class='gallery-item'>\n\t\t\t<dt class='gallery-icon portrait'>\n\t\t\t\t<a href='http:\/\/artnetart.info\/?attachment_id=279#main'><img width=\"150\" height=\"150\" src=\"http:\/\/artnetart.info\/wp-content\/uploads\/2013\/08\/336_74728545092_545535092_4114087_7397_n-150x150.jpg\" class=\"attachment-thumbnail size-thumbnail\" alt=\"\" loading=\"lazy\" \/><\/a>\n\t\t\t<\/dt><\/dl><br style=\"clear: both\" \/><dl class='gallery-item'>\n\t\t\t<dt class='gallery-icon landscape'>\n\t\t\t\t<a href='http:\/\/artnetart.info\/?attachment_id=269'><img width=\"150\" height=\"150\" src=\"http:\/\/artnetart.info\/wp-content\/uploads\/2013\/08\/janek_nuda_wzorzec1-150x150.jpg\" class=\"attachment-thumbnail size-thumbnail\" alt=\"\" loading=\"lazy\" \/><\/a>\n\t\t\t<\/dt><\/dl><dl class='gallery-item'>\n\t\t\t<dt class='gallery-icon portrait'>\n\t\t\t\t<a href='http:\/\/artnetart.info\/?attachment_id=276'><img width=\"150\" height=\"150\" src=\"http:\/\/artnetart.info\/wp-content\/uploads\/2013\/08\/dziadek-150x150.jpg\" class=\"attachment-thumbnail size-thumbnail\" alt=\"\" loading=\"lazy\" \/><\/a>\n\t\t\t<\/dt><\/dl><dl class='gallery-item'>\n\t\t\t<dt class='gallery-icon landscape'>\n\t\t\t\t<a href='http:\/\/artnetart.info\/?attachment_id=272'><img width=\"150\" height=\"150\" src=\"http:\/\/artnetart.info\/wp-content\/uploads\/2013\/08\/interfejs_uzytkownika-150x150.jpg\" class=\"attachment-thumbnail size-thumbnail\" alt=\"\" loading=\"lazy\" \/><\/a>\n\t\t\t<\/dt><\/dl><br style=\"clear: both\" \/><dl class='gallery-item'>\n\t\t\t<dt class='gallery-icon landscape'>\n\t\t\t\t<a href='http:\/\/artnetart.info\/?attachment_id=243'><img width=\"150\" height=\"150\" src=\"http:\/\/artnetart.info\/wp-content\/uploads\/2013\/08\/wzorzec_rozwielit1-150x150.jpg\" class=\"attachment-thumbnail size-thumbnail\" alt=\"\" loading=\"lazy\" \/><\/a>\n\t\t\t<\/dt><\/dl><dl class='gallery-item'>\n\t\t\t<dt class='gallery-icon landscape'>\n\t\t\t\t<a href='http:\/\/artnetart.info\/?attachment_id=208#main'><img width=\"150\" height=\"150\" src=\"http:\/\/artnetart.info\/wp-content\/uploads\/2013\/08\/wzorzec_rozwielit-150x150.jpg\" class=\"attachment-thumbnail size-thumbnail\" alt=\"\" loading=\"lazy\" \/><\/a>\n\t\t\t<\/dt><\/dl><dl class='gallery-item'>\n\t\t\t<dt class='gallery-icon landscape'>\n\t\t\t\t<a href='http:\/\/artnetart.info\/?attachment_id=205#main'><img width=\"150\" height=\"150\" src=\"http:\/\/artnetart.info\/wp-content\/uploads\/2013\/08\/janek_nuda_wzorzec-150x150.jpg\" class=\"attachment-thumbnail size-thumbnail\" alt=\"\" loading=\"lazy\" \/><\/a>\n\t\t\t<\/dt><\/dl><br style=\"clear: both\" \/><dl class='gallery-item'>\n\t\t\t<dt class='gallery-icon landscape'>\n\t\t\t\t<a href='http:\/\/artnetart.info\/?attachment_id=148'><img width=\"150\" height=\"150\" src=\"http:\/\/artnetart.info\/wp-content\/uploads\/2013\/08\/juzwie-150x150.jpg\" class=\"attachment-thumbnail size-thumbnail\" alt=\"\" loading=\"lazy\" \/><\/a>\n\t\t\t<\/dt><\/dl><dl class='gallery-item'>\n\t\t\t<dt class='gallery-icon landscape'>\n\t\t\t\t<a href='http:\/\/artnetart.info\/?attachment_id=134'><img width=\"150\" height=\"150\" src=\"http:\/\/artnetart.info\/wp-content\/uploads\/2013\/08\/juzwie-150x150.gif\" class=\"attachment-thumbnail size-thumbnail\" alt=\"\" loading=\"lazy\" \/><\/a>\n\t\t\t<\/dt><\/dl><dl class='gallery-item'>\n\t\t\t<dt class='gallery-icon landscape'>\n\t\t\t\t<a href='http:\/\/artnetart.info\/?attachment_id=143#main'><img width=\"150\" height=\"150\" src=\"http:\/\/artnetart.info\/wp-content\/uploads\/2013\/08\/niejestpewna-150x150.jpg\" class=\"attachment-thumbnail size-thumbnail\" alt=\"\" loading=\"lazy\" \/><\/a>\n\t\t\t<\/dt><\/dl><br style=\"clear: both\" \/><dl class='gallery-item'>\n\t\t\t<dt class='gallery-icon landscape'>\n\t\t\t\t<a href='http:\/\/artnetart.info\/?attachment_id=132'><img width=\"150\" height=\"150\" src=\"http:\/\/artnetart.info\/wp-content\/uploads\/2013\/08\/niejestpewna-150x150.gif\" class=\"attachment-thumbnail size-thumbnail\" alt=\"\" loading=\"lazy\" \/><\/a>\n\t\t\t<\/dt><\/dl><dl class='gallery-item'>\n\t\t\t<dt class='gallery-icon landscape'>\n\t\t\t\t<a href='http:\/\/artnetart.info\/?attachment_id=126'><img width=\"150\" height=\"150\" src=\"http:\/\/artnetart.info\/wp-content\/uploads\/2013\/08\/wsp\u00f3\u0142rz\u0119dne-Janka-Nudy1-150x150.gif\" class=\"attachment-thumbnail size-thumbnail\" alt=\"\" loading=\"lazy\" \/><\/a>\n\t\t\t<\/dt><\/dl><dl class='gallery-item'>\n\t\t\t<dt class='gallery-icon landscape'>\n\t\t\t\t<a href='http:\/\/artnetart.info\/?attachment_id=127'><img width=\"150\" height=\"150\" src=\"http:\/\/artnetart.info\/wp-content\/uploads\/2013\/08\/wspolrzednejankanudy-150x150.jpg\" class=\"attachment-thumbnail size-thumbnail\" alt=\"\" loading=\"lazy\" \/><\/a>\n\t\t\t<\/dt><\/dl><br style=\"clear: both\" \/>\n\t\t<\/div>\n\n","protected":false},"excerpt":{"rendered":"","protected":false},"author":1,"featured_media":289,"parent":0,"menu_order":0,"comment_status":"open","ping_status":"open","template":"","meta":[],"_links":{"self":[{"href":"http:\/\/artnetart.info\/index.php?rest_route=\/wp\/v2\/pages\/319"}],"collection":[{"href":"http:\/\/artnetart.info\/index.php?rest_route=\/wp\/v2\/pages"}],"about":[{"href":"http:\/\/artnetart.info\/index.php?rest_route=\/wp\/v2\/types\/page"}],"author":[{"embeddable":true,"href":"http:\/\/artnetart.info\/index.php?rest_route=\/wp\/v2\/users\/1"}],"replies":[{"embeddable":true,"href":"http:\/\/artnetart.info\/index.php?rest_route=%2Fwp%2Fv2%2Fcomments&post=319"}],"version-history":[{"count":1,"href":"http:\/\/artnetart.info\/index.php?rest_route=\/wp\/v2\/pages\/319\/revisions"}],"predecessor-version":[{"id":320,"href":"http:\/\/artnetart.info\/index.php?rest_route=\/wp\/v2\/pages\/319\/revisions\/320"}],"wp:featuredmedia":[{"embeddable":true,"href":"http:\/\/artnetart.info\/index.php?rest_route=\/wp\/v2\/media\/289"}],"wp:attachment":[{"href":"http:\/\/artnetart.info\/index.php?rest_route=%2Fwp%2Fv2%2Fmedia&parent=319"}],"curies":[{"name":"wp","href":"https:\/\/api.w.org\/{rel}","templated":true}]}}